{"id":84,"date":"2021-11-17T16:06:29","date_gmt":"2021-11-17T19:06:29","guid":{"rendered":"https:\/\/evangelicoop.com.br\/?page_id=84"},"modified":"2023-02-28T17:26:46","modified_gmt":"2023-02-28T20:26:46","slug":"home","status":"publish","type":"page","link":"https:\/\/evangelicoop.com.br\/","title":{"rendered":"HOME"},"content":{"rendered":"<p>[et_pb_section fb_built=&#8221;1&#8243; fullwidth=&#8221;on&#8221; _builder_version=&#8221;4.10.5&#8243; _module_preset=&#8221;default&#8221; global_colors_info=&#8221;{}&#8221;][et_pb_fullwidth_image src=&#8221;https:\/\/evangelicoop.com.br\/wp-content\/uploads\/2021\/10\/banner-principal.jpg&#8221; title_text=&#8221;banner-principal&#8221; _builder_version=&#8221;4.10.5&#8243; _module_preset=&#8221;default&#8221; global_colors_info=&#8221;{}&#8221;][\/et_pb_fullwidth_image][\/et_pb_section][et_pb_section fb_built=&#8221;1&#8243; _builder_version=&#8221;4.10.5&#8243; _module_preset=&#8221;default&#8221; global_colors_info=&#8221;{}&#8221;][et_pb_row column_structure=&#8221;1_2,1_2&#8243; _builder_version=&#8221;4.10.5&#8243; _module_preset=&#8221;default&#8221; global_colors_info=&#8221;{}&#8221;][et_pb_column type=&#8221;1_2&#8243; _builder_version=&#8221;4.10.5&#8243; _module_preset=&#8221;default&#8221; global_colors_info=&#8221;{}&#8221;][et_pb_image src=&#8221;https:\/\/evangelicoop.com.br\/wp-content\/uploads\/2023\/02\/post-eleitoral-2023-2.png&#8221; title_text=&#8221;post-eleitoral-2023-2&#8243; _builder_version=&#8221;4.10.5&#8243; _module_preset=&#8221;default&#8221; animation_style=&#8221;fade&#8221; global_colors_info=&#8221;{}&#8221;][\/et_pb_image][\/et_pb_column][et_pb_column type=&#8221;1_2&#8243; _builder_version=&#8221;4.10.5&#8243; _module_preset=&#8221;default&#8221; global_colors_info=&#8221;{}&#8221;][et_pb_image src=&#8221;https:\/\/evangelicoop.com.br\/wp-content\/uploads\/2023\/02\/post-eleitorial2023.png&#8221; title_text=&#8221;post-eleitorial2023&#8243; _builder_version=&#8221;4.10.5&#8243; _module_preset=&#8221;default&#8221; animation_style=&#8221;fade&#8221; global_colors_info=&#8221;{}&#8221;][\/et_pb_image][\/et_pb_column][\/et_pb_row][et_pb_row _builder_version=&#8221;4.10.5&#8243; _module_preset=&#8221;default&#8221; global_colors_info=&#8221;{}&#8221;][et_pb_column type=&#8221;4_4&#8243; _builder_version=&#8221;4.10.5&#8243; _module_preset=&#8221;default&#8221; global_colors_info=&#8221;{}&#8221;][et_pb_button button_url=&#8221;https:\/\/evangelicoop.com.br\/wp-content\/uploads\/2023\/02\/REGRAS-CONFORME-DESCRITO-EM-ESTATUTO.pdf&#8221; url_new_window=&#8221;on&#8221; button_text=&#8221;REGRAS CONFORME DESCRITO EM ESTATUTO&#8221; _builder_version=&#8221;4.10.5&#8243; _module_preset=&#8221;default&#8221; hover_enabled=&#8221;0&#8243; global_colors_info=&#8221;{}&#8221; button_alignment=&#8221;center&#8221; sticky_enabled=&#8221;0&#8243;][\/et_pb_button][\/et_pb_column][\/et_pb_row][\/et_pb_section][et_pb_section fb_built=&#8221;1&#8243; _builder_version=&#8221;4.10.5&#8243; _module_preset=&#8221;default&#8221; global_colors_info=&#8221;{}&#8221;][et_pb_row column_structure=&#8221;1_3,1_3,1_3&#8243; _builder_version=&#8221;4.10.5&#8243; _module_preset=&#8221;default&#8221; global_colors_info=&#8221;{}&#8221;][et_pb_column type=&#8221;1_3&#8243; _builder_version=&#8221;4.10.5&#8243; _module_preset=&#8221;default&#8221; global_colors_info=&#8221;{}&#8221;][et_pb_image src=&#8221;https:\/\/evangelicoop.com.br\/wp-content\/uploads\/2021\/11\/faturamento.png&#8221; align=&#8221;center&#8221; _builder_version=&#8221;4.10.5&#8243; _module_preset=&#8221;default&#8221; global_colors_info=&#8221;{}&#8221;][\/et_pb_image][\/et_pb_column][et_pb_column type=&#8221;1_3&#8243; _builder_version=&#8221;4.10.5&#8243; _module_preset=&#8221;default&#8221; global_colors_info=&#8221;{}&#8221;][et_pb_image src=&#8221;https:\/\/evangelicoop.com.br\/wp-content\/uploads\/2021\/11\/servicos.png&#8221; title_text=&#8221;servicos&#8221; align=&#8221;center&#8221; _builder_version=&#8221;4.10.5&#8243; _module_preset=&#8221;default&#8221; global_colors_info=&#8221;{}&#8221;][\/et_pb_image][\/et_pb_column][et_pb_column type=&#8221;1_3&#8243; _builder_version=&#8221;4.10.5&#8243; _module_preset=&#8221;default&#8221; global_colors_info=&#8221;{}&#8221;][et_pb_image src=&#8221;https:\/\/evangelicoop.com.br\/wp-content\/uploads\/2021\/11\/acompanhamento.png&#8221; title_text=&#8221;acompanhamento&#8221; align=&#8221;center&#8221; _builder_version=&#8221;4.10.5&#8243; _module_preset=&#8221;default&#8221; global_colors_info=&#8221;{}&#8221;][\/et_pb_image][\/et_pb_column][\/et_pb_row][\/et_pb_section][et_pb_section fb_built=&#8221;1&#8243; _builder_version=&#8221;4.10.5&#8243; _module_preset=&#8221;default&#8221; background_color=&#8221;#ccd1c2&#8243; global_colors_info=&#8221;{}&#8221;][et_pb_row column_structure=&#8221;1_4,1_4,1_4,1_4&#8243; _builder_version=&#8221;4.10.5&#8243; _module_preset=&#8221;default&#8221; global_colors_info=&#8221;{}&#8221;][et_pb_column type=&#8221;1_4&#8243; _builder_version=&#8221;4.10.5&#8243; _module_preset=&#8221;default&#8221; global_colors_info=&#8221;{}&#8221;][et_pb_image src=&#8221;https:\/\/evangelicoop.com.br\/wp-content\/uploads\/2021\/11\/relatorio-de-repasse.png&#8221; title_text=&#8221;relatorio-de-repasse&#8221; url=&#8221;https:\/\/fencom.coop.br\/demonstrativo\/&#8221; url_new_window=&#8221;on&#8221; align=&#8221;center&#8221; admin_label=&#8221;relat\u00f3rio&#8221; _builder_version=&#8221;4.10.5&#8243; _module_preset=&#8221;default&#8221; filter_opacity=&#8221;55%&#8221; animation_style=&#8221;fade&#8221; animation_duration=&#8221;500ms&#8221; global_colors_info=&#8221;{}&#8221;][\/et_pb_image][\/et_pb_column][et_pb_column type=&#8221;1_4&#8243; _builder_version=&#8221;4.10.5&#8243; _module_preset=&#8221;default&#8221; global_colors_info=&#8221;{}&#8221;][et_pb_image src=&#8221;https:\/\/evangelicoop.com.br\/wp-content\/uploads\/2021\/11\/declaracao-inss.png&#8221; alt=&#8221;Declara\u00e7\u00e3o de Inss&#8221; title_text=&#8221;relatorio-de-repasse&#8221; url=&#8221;http:\/\/inss.fencom.com.br:8085\/#\/&#8221; url_new_window=&#8221;on&#8221; align=&#8221;center&#8221; admin_label=&#8221;inss&#8221; _builder_version=&#8221;4.10.5&#8243; _module_preset=&#8221;default&#8221; filter_opacity=&#8221;55%&#8221; animation_style=&#8221;fade&#8221; animation_duration=&#8221;500ms&#8221; global_colors_info=&#8221;{}&#8221;][\/et_pb_image][\/et_pb_column][et_pb_column type=&#8221;1_4&#8243; _builder_version=&#8221;4.10.5&#8243; _module_preset=&#8221;default&#8221; global_colors_info=&#8221;{}&#8221;][et_pb_image src=&#8221;https:\/\/evangelicoop.com.br\/wp-content\/uploads\/2021\/11\/documentacao.png&#8221; title_text=&#8221;relatorio-de-repasse&#8221; url=&#8221;https:\/\/evangelicoop.com.br\/index.php\/documentacao-para-cooperar\/&#8221; align=&#8221;center&#8221; admin_label=&#8221;documenta\u00e7\u00e3o cooperar&#8221; _builder_version=&#8221;4.10.5&#8243; _module_preset=&#8221;default&#8221; filter_opacity=&#8221;55%&#8221; animation_style=&#8221;fade&#8221; animation_duration=&#8221;500ms&#8221; global_colors_info=&#8221;{}&#8221;][\/et_pb_image][\/et_pb_column][et_pb_column type=&#8221;1_4&#8243; _builder_version=&#8221;4.10.5&#8243; _module_preset=&#8221;default&#8221; global_colors_info=&#8221;{}&#8221;][et_pb_image src=&#8221;https:\/\/evangelicoop.com.br\/wp-content\/uploads\/2021\/11\/atualize-seu-dados.png&#8221; title_text=&#8221;relatorio-de-repasse&#8221; url=&#8221;https:\/\/evangelicoop.com.br\/index.php\/atualize-seus-dados\/&#8221; align=&#8221;center&#8221; admin_label=&#8221;atualize seus dados&#8221; _builder_version=&#8221;4.10.5&#8243; _module_preset=&#8221;default&#8221; filter_opacity=&#8221;55%&#8221; animation_style=&#8221;fade&#8221; animation_duration=&#8221;500ms&#8221; global_colors_info=&#8221;{}&#8221;][\/et_pb_image][\/et_pb_column][\/et_pb_row][\/et_pb_section][et_pb_section fb_built=&#8221;1&#8243; _builder_version=&#8221;4.10.5&#8243; _module_preset=&#8221;default&#8221; background_color=&#8221;#f4f4f4&#8243; background_image=&#8221;https:\/\/evangelicoop.com.br\/wp-content\/uploads\/2021\/11\/fundo-home.jpg&#8221; background_position=&#8221;top_right&#8221; global_colors_info=&#8221;{}&#8221;][et_pb_row column_structure=&#8221;3_5,2_5&#8243; _builder_version=&#8221;4.10.5&#8243; _module_preset=&#8221;default&#8221; global_colors_info=&#8221;{}&#8221;][et_pb_column type=&#8221;3_5&#8243; _builder_version=&#8221;4.10.5&#8243; _module_preset=&#8221;default&#8221; global_colors_info=&#8221;{}&#8221;][et_pb_text _builder_version=&#8221;4.10.5&#8243; _module_preset=&#8221;default&#8221; text_text_color=&#8221;#424242&#8243; header_text_color=&#8221;#839560&#8243; global_colors_info=&#8221;{}&#8221;]<\/p>\n<h1>A Evangelicoop<\/h1>\n<p>A cooperativa tem por objetivo o estimulo, o desenvolvimento progressivo, a defesa e organiza\u00e7\u00e3o do exerc\u00edcio das atividades econ\u00f4micas de seus associados, prestando toda assist\u00eancia administrativa, como regularizar os processos de cobran\u00e7a dos honor\u00e1rios m\u00e9dicos junto aos conv\u00eanios e demais fontes pagadoras, visando torna-los mais \u00e1geis e confi\u00e1veis especialmente nos contratos de servi\u00e7os que ser\u00e3o executados pelos cooperados. Com isso surgiu a Evangelicoop, em 26 de abril de 1999.<br \/>No in\u00edcio \u00e9ramos 30 cooperados. Hoje somamos 320. Em parceria com o hospital estamos cada vez mais em busca de novos contratos e mais conv\u00eanios. Acreditamos que \u00e9 necess\u00e1rio a constante evolu\u00e7\u00e3o da cooperativa e pretendemos estar em continuo processo de expans\u00e3o, atrav\u00e9s da busca constante de parcerias e contratos que valorizem a classe m\u00e9dica.<\/p>\n<p>[\/et_pb_text][et_pb_button button_url=&#8221;https:\/\/evangelicoop.com.br\/index.php\/a-evangelicoop\/&#8221; button_text=&#8221;Conhe\u00e7a mais&#8221; _builder_version=&#8221;4.10.5&#8243; _module_preset=&#8221;default&#8221; global_colors_info=&#8221;{}&#8221;][\/et_pb_button][\/et_pb_column][et_pb_column type=&#8221;2_5&#8243; _builder_version=&#8221;4.10.5&#8243; _module_preset=&#8221;default&#8221; global_colors_info=&#8221;{}&#8221;][\/et_pb_column][\/et_pb_row][\/et_pb_section][et_pb_section fb_built=&#8221;1&#8243; _builder_version=&#8221;4.10.5&#8243; _module_preset=&#8221;default&#8221; global_colors_info=&#8221;{}&#8221;][et_pb_row _builder_version=&#8221;4.10.5&#8243; _module_preset=&#8221;default&#8221; global_colors_info=&#8221;{}&#8221;][et_pb_column type=&#8221;4_4&#8243; _builder_version=&#8221;4.10.5&#8243; _module_preset=&#8221;default&#8221; global_colors_info=&#8221;{}&#8221;][et_pb_text _builder_version=&#8221;4.10.5&#8243; _module_preset=&#8221;default&#8221; header_text_align=&#8221;center&#8221; header_4_text_align=&#8221;center&#8221; header_4_text_color=&#8221;#424242&#8243; global_colors_info=&#8221;{}&#8221;]<\/p>\n<h1>Envie uma mensagem com sua d\u00favida?<\/h1>\n<h4>Receba uma proposta adequada \u00e0 sua necessidade.<\/h4>\n<p>[\/et_pb_text][et_pb_contact_form _builder_version=&#8221;4.10.5&#8243; _module_preset=&#8221;default&#8221; global_colors_info=&#8221;{}&#8221;][et_pb_contact_field field_id=&#8221;Name&#8221; field_title=&#8221;Nome&#8221; _builder_version=&#8221;3.16&#8243; global_colors_info=&#8221;{}&#8221; button_text_size__hover_enabled=&#8221;off&#8221; button_one_text_size__hover_enabled=&#8221;off&#8221; button_two_text_size__hover_enabled=&#8221;off&#8221; button_text_color__hover_enabled=&#8221;off&#8221; button_one_text_color__hover_enabled=&#8221;off&#8221; button_two_text_color__hover_enabled=&#8221;off&#8221; button_border_width__hover_enabled=&#8221;off&#8221; button_one_border_width__hover_enabled=&#8221;off&#8221; button_two_border_width__hover_enabled=&#8221;off&#8221; button_border_color__hover_enabled=&#8221;off&#8221; button_one_border_color__hover_enabled=&#8221;off&#8221; button_two_border_color__hover_enabled=&#8221;off&#8221; button_border_radius__hover_enabled=&#8221;off&#8221; button_one_border_radius__hover_enabled=&#8221;off&#8221; button_two_border_radius__hover_enabled=&#8221;off&#8221; button_letter_spacing__hover_enabled=&#8221;off&#8221; button_one_letter_spacing__hover_enabled=&#8221;off&#8221; button_two_letter_spacing__hover_enabled=&#8221;off&#8221; button_bg_color__hover_enabled=&#8221;off&#8221; button_one_bg_color__hover_enabled=&#8221;off&#8221; button_two_bg_color__hover_enabled=&#8221;off&#8221;][\/et_pb_contact_field][et_pb_contact_field field_id=&#8221;Email&#8221; field_title=&#8221;E-mail&#8221; field_type=&#8221;email&#8221; _builder_version=&#8221;3.16&#8243; global_colors_info=&#8221;{}&#8221; button_text_size__hover_enabled=&#8221;off&#8221; button_one_text_size__hover_enabled=&#8221;off&#8221; button_two_text_size__hover_enabled=&#8221;off&#8221; button_text_color__hover_enabled=&#8221;off&#8221; button_one_text_color__hover_enabled=&#8221;off&#8221; button_two_text_color__hover_enabled=&#8221;off&#8221; button_border_width__hover_enabled=&#8221;off&#8221; button_one_border_width__hover_enabled=&#8221;off&#8221; button_two_border_width__hover_enabled=&#8221;off&#8221; button_border_color__hover_enabled=&#8221;off&#8221; button_one_border_color__hover_enabled=&#8221;off&#8221; button_two_border_color__hover_enabled=&#8221;off&#8221; button_border_radius__hover_enabled=&#8221;off&#8221; button_one_border_radius__hover_enabled=&#8221;off&#8221; button_two_border_radius__hover_enabled=&#8221;off&#8221; button_letter_spacing__hover_enabled=&#8221;off&#8221; button_one_letter_spacing__hover_enabled=&#8221;off&#8221; button_two_letter_spacing__hover_enabled=&#8221;off&#8221; button_bg_color__hover_enabled=&#8221;off&#8221; button_one_bg_color__hover_enabled=&#8221;off&#8221; button_two_bg_color__hover_enabled=&#8221;off&#8221;][\/et_pb_contact_field][et_pb_contact_field field_id=&#8221;Telefone&#8221; field_title=&#8221;Telefone&#8221; _builder_version=&#8221;4.10.5&#8243; _module_preset=&#8221;default&#8221; global_colors_info=&#8221;{}&#8221;][\/et_pb_contact_field][et_pb_contact_field field_id=&#8221;Assunto&#8221; field_title=&#8221;Assunto&#8221; _builder_version=&#8221;4.10.5&#8243; _module_preset=&#8221;default&#8221; global_colors_info=&#8221;{}&#8221;][\/et_pb_contact_field][et_pb_contact_field field_id=&#8221;Message&#8221; field_title=&#8221;Mensagem&#8221; field_type=&#8221;text&#8221; fullwidth_field=&#8221;on&#8221; _builder_version=&#8221;3.16&#8243; global_colors_info=&#8221;{}&#8221; button_text_size__hover_enabled=&#8221;off&#8221; button_one_text_size__hover_enabled=&#8221;off&#8221; button_two_text_size__hover_enabled=&#8221;off&#8221; button_text_color__hover_enabled=&#8221;off&#8221; button_one_text_color__hover_enabled=&#8221;off&#8221; button_two_text_color__hover_enabled=&#8221;off&#8221; button_border_width__hover_enabled=&#8221;off&#8221; button_one_border_width__hover_enabled=&#8221;off&#8221; button_two_border_width__hover_enabled=&#8221;off&#8221; button_border_color__hover_enabled=&#8221;off&#8221; button_one_border_color__hover_enabled=&#8221;off&#8221; button_two_border_color__hover_enabled=&#8221;off&#8221; button_border_radius__hover_enabled=&#8221;off&#8221; button_one_border_radius__hover_enabled=&#8221;off&#8221; button_two_border_radius__hover_enabled=&#8221;off&#8221; button_letter_spacing__hover_enabled=&#8221;off&#8221; button_one_letter_spacing__hover_enabled=&#8221;off&#8221; button_two_letter_spacing__hover_enabled=&#8221;off&#8221; button_bg_color__hover_enabled=&#8221;off&#8221; button_one_bg_color__hover_enabled=&#8221;off&#8221; button_two_bg_color__hover_enabled=&#8221;off&#8221;][\/et_pb_contact_field][\/et_pb_contact_form][\/et_pb_column][\/et_pb_row][\/et_pb_section][et_pb_section fb_built=&#8221;1&#8243; _builder_version=&#8221;4.10.5&#8243; _module_preset=&#8221;default&#8221; background_color=&#8221;#A0AA8D&#8221; global_module=&#8221;61&#8243; saved_tabs=&#8221;all&#8221; collapsed=&#8221;off&#8221; global_colors_info=&#8221;{}&#8221;][et_pb_row column_structure=&#8221;1_3,1_3,1_3&#8243; _builder_version=&#8221;4.10.5&#8243; _module_preset=&#8221;default&#8221; global_colors_info=&#8221;{}&#8221;][et_pb_column type=&#8221;1_3&#8243; _builder_version=&#8221;4.10.5&#8243; _module_preset=&#8221;default&#8221; global_colors_info=&#8221;{}&#8221;][et_pb_text _builder_version=&#8221;4.10.5&#8243; _module_preset=&#8221;default&#8221; text_text_color=&#8221;#FFFFFF&#8221; text_font_size=&#8221;16px&#8221; header_4_font=&#8221;|800||on|||||&#8221; header_4_text_color=&#8221;#FFFFFF&#8221; header_4_font_size=&#8221;20px&#8221; global_colors_info=&#8221;{}&#8221;]<\/p>\n<h4>Seja um cooperado<\/h4>\n<p>Seja nosso cooperado e utilizar<br \/>todos os benef\u00edcios que voc\u00ea<br \/>pode precisar.<\/p>\n<p>[\/et_pb_text][et_pb_button button_text=&#8221;cadastre-se&#8221; button_alignment=&#8221;left&#8221; _builder_version=&#8221;4.10.5&#8243; _module_preset=&#8221;default&#8221; custom_button=&#8221;on&#8221; button_text_size=&#8221;18px&#8221; button_bg_color=&#8221;#839560&#8243; button_border_width=&#8221;1px&#8221; button_border_color=&#8221;#67764c&#8221; button_border_radius=&#8221;30px&#8221; button_use_icon=&#8221;off&#8221; global_colors_info=&#8221;{}&#8221;][\/et_pb_button][\/et_pb_column][et_pb_column type=&#8221;1_3&#8243; _builder_version=&#8221;4.10.5&#8243; _module_preset=&#8221;default&#8221; global_colors_info=&#8221;{}&#8221;][et_pb_text _builder_version=&#8221;4.10.5&#8243; _module_preset=&#8221;default&#8221; text_text_color=&#8221;#FFFFFF&#8221; text_font_size=&#8221;16px&#8221; header_4_font=&#8221;|800||on|||||&#8221; header_4_text_color=&#8221;#FFFFFF&#8221; header_4_font_size=&#8221;20px&#8221; global_colors_info=&#8221;{}&#8221;]<\/p>\n<h4>Endere\u00e7o<\/h4>\n<p>Rua Dr. Al\u00edpio Goulart &#8211; 25, Serra<br \/>Belo Horizonte &#8211; Minas Gerais<br \/>CEP 30220-420<\/p>\n<p>[\/et_pb_text][et_pb_text _builder_version=&#8221;4.10.5&#8243; _module_preset=&#8221;default&#8221; text_text_color=&#8221;#FFFFFF&#8221; text_font_size=&#8221;16px&#8221; header_4_font=&#8221;|800||on|||||&#8221; header_4_text_color=&#8221;#FFFFFF&#8221; header_4_font_size=&#8221;20px&#8221; global_colors_info=&#8221;{}&#8221;]<\/p>\n<h4>Hor\u00e1rio de funcionamento<\/h4>\n<p><strong>Segunda a sexta-feira:<\/strong> 8h \u00e0s 17h<br \/><strong>Fechado no hor\u00e1rio de almo\u00e7o:<\/strong> 12h \u00e0s 13h<\/p>\n<p>[\/et_pb_text][\/et_pb_column][et_pb_column type=&#8221;1_3&#8243; _builder_version=&#8221;4.10.5&#8243; _module_preset=&#8221;default&#8221; global_colors_info=&#8221;{}&#8221;][et_pb_text _builder_version=&#8221;4.10.5&#8243; _module_preset=&#8221;default&#8221; text_text_color=&#8221;#FFFFFF&#8221; text_font_size=&#8221;16px&#8221; link_text_color=&#8221;#FFFFFF&#8221; header_3_text_color=&#8221;#FFFFFF&#8221; header_4_font=&#8221;|800||on|||||&#8221; header_4_text_color=&#8221;#FFFFFF&#8221; header_4_font_size=&#8221;20px&#8221; global_colors_info=&#8221;{}&#8221;]<\/p>\n<h4>Central de atendimento<\/h4>\n<h3>31 3564-3681<\/h3>\n<h3>31 98465-9403<\/h3>\n<p><a href=\"mailto:evangelicoop@evangelicoop.com.br\">evangelicoop@evangelicoop.com.br<\/a><\/p>\n<p>[\/et_pb_text][\/et_pb_column][\/et_pb_row][\/et_pb_section][et_pb_section fb_built=&#8221;1&#8243; _builder_version=&#8221;4.10.5&#8243; _module_preset=&#8221;default&#8221; background_color=&#8221;#688829&#8243; custom_margin=&#8221;0px||0px||false|false&#8221; custom_padding=&#8221;0px||0px||false|false&#8221; global_module=&#8221;62&#8243; saved_tabs=&#8221;all&#8221; global_colors_info=&#8221;{}&#8221;][et_pb_row column_structure=&#8221;3_4,1_4&#8243; _builder_version=&#8221;4.10.5&#8243; _module_preset=&#8221;default&#8221; custom_margin=&#8221;||||false|false&#8221; custom_padding=&#8221;||||false|false&#8221; global_colors_info=&#8221;{}&#8221;][et_pb_column type=&#8221;3_4&#8243; _builder_version=&#8221;4.10.5&#8243; _module_preset=&#8221;default&#8221; global_colors_info=&#8221;{}&#8221;][et_pb_text _builder_version=&#8221;4.10.5&#8243; _module_preset=&#8221;default&#8221; text_text_color=&#8221;#FFFFFF&#8221; text_font_size=&#8221;12px&#8221; global_colors_info=&#8221;{}&#8221;]<\/p>\n<p>Todos os direitos reservados a <strong>EVANGELICOOP<\/strong><\/p>\n<p>[\/et_pb_text][\/et_pb_column][et_pb_column type=&#8221;1_4&#8243; _builder_version=&#8221;4.10.5&#8243; _module_preset=&#8221;default&#8221; global_colors_info=&#8221;{}&#8221;][et_pb_text _builder_version=&#8221;4.10.5&#8243; _module_preset=&#8221;default&#8221; global_colors_info=&#8221;{}&#8221;]<\/p>\n<p><a href=\"https:\/\/www.instagram.com\/evangelicoop\/\" target=\"_blank\" rel=\"noopener\"><img loading=\"lazy\" decoding=\"async\" class=\"wp-image-52 alignright size-full\" src=\"https:\/\/evangelicoop.com.br\/wp-content\/uploads\/2021\/10\/instagram.png\" alt=\"\" width=\"30\" height=\"30\" \/><\/a><\/p>\n<p>[\/et_pb_text][\/et_pb_column][\/et_pb_row][\/et_pb_section]<\/p>\n","protected":false},"excerpt":{"rendered":"<p>A Evangelicoop A cooperativa tem por objetivo o estimulo, o desenvolvimento progressivo, a defesa e organiza\u00e7\u00e3o do exerc\u00edcio das atividades econ\u00f4micas de seus associados, prestando toda assist\u00eancia administrativa, como regularizar os processos de cobran\u00e7a dos honor\u00e1rios m\u00e9dicos junto aos conv\u00eanios e demais fontes pagadoras, visando torna-los mais \u00e1geis e confi\u00e1veis especialmente nos contratos de servi\u00e7os [&hellip;]<\/p>\n","protected":false},"author":1,"featured_media":0,"parent":0,"menu_order":0,"comment_status":"closed","ping_status":"closed","template":"","meta":{"_et_pb_use_builder":"on","_et_pb_old_content":"","_et_gb_content_width":"","footnotes":""},"class_list":["post-84","page","type-page","status-publish","hentry"],"_links":{"self":[{"href":"https:\/\/evangelicoop.com.br\/index.php\/wp-json\/wp\/v2\/pages\/84","targetHints":{"allow":["GET"]}}],"collection":[{"href":"https:\/\/evangelicoop.com.br\/index.php\/wp-json\/wp\/v2\/pages"}],"about":[{"href":"https:\/\/evangelicoop.com.br\/index.php\/wp-json\/wp\/v2\/types\/page"}],"author":[{"embeddable":true,"href":"https:\/\/evangelicoop.com.br\/index.php\/wp-json\/wp\/v2\/users\/1"}],"replies":[{"embeddable":true,"href":"https:\/\/evangelicoop.com.br\/index.php\/wp-json\/wp\/v2\/comments?post=84"}],"version-history":[{"count":19,"href":"https:\/\/evangelicoop.com.br\/index.php\/wp-json\/wp\/v2\/pages\/84\/revisions"}],"predecessor-version":[{"id":275,"href":"https:\/\/evangelicoop.com.br\/index.php\/wp-json\/wp\/v2\/pages\/84\/revisions\/275"}],"wp:attachment":[{"href":"https:\/\/evangelicoop.com.br\/index.php\/wp-json\/wp\/v2\/media?parent=84"}],"curies":[{"name":"wp","href":"https:\/\/api.w.org\/{rel}","templated":true}]}}