{"id":132,"date":"2021-11-18T16:49:50","date_gmt":"2021-11-18T19:49:50","guid":{"rendered":"https:\/\/evangelicoop.com.br\/?page_id=132"},"modified":"2022-06-07T16:10:05","modified_gmt":"2022-06-07T19:10:05","slug":"documentacao-para-cooperar","status":"publish","type":"page","link":"https:\/\/evangelicoop.com.br\/index.php\/documentacao-para-cooperar\/","title":{"rendered":"Documenta\u00e7\u00e3o para Cooperar"},"content":{"rendered":"<p>[et_pb_section fb_built=&#8221;1&#8243; _builder_version=&#8221;4.10.5&#8243; _module_preset=&#8221;default&#8221; background_color=&#8221;#EAEAEA&#8221; global_colors_info=&#8221;{}&#8221;][et_pb_row _builder_version=&#8221;4.10.5&#8243; _module_preset=&#8221;default&#8221; global_colors_info=&#8221;{}&#8221;][et_pb_column type=&#8221;4_4&#8243; _builder_version=&#8221;4.10.5&#8243; _module_preset=&#8221;default&#8221; global_colors_info=&#8221;{}&#8221;][et_pb_text _builder_version=&#8221;4.10.5&#8243; _module_preset=&#8221;default&#8221; header_text_color=&#8221;#839560&#8243; global_colors_info=&#8221;{}&#8221;]<\/p>\n<h1>Documenta\u00e7\u00e3o para Cooperar<\/h1>\n<p>[\/et_pb_text][\/et_pb_column][\/et_pb_row][\/et_pb_section][et_pb_section fb_built=&#8221;1&#8243; _builder_version=&#8221;4.10.5&#8243; _module_preset=&#8221;default&#8221; global_colors_info=&#8221;{}&#8221;][et_pb_row _builder_version=&#8221;4.10.5&#8243; _module_preset=&#8221;default&#8221; global_colors_info=&#8221;{}&#8221;][et_pb_column type=&#8221;4_4&#8243; _builder_version=&#8221;4.10.5&#8243; _module_preset=&#8221;default&#8221; global_colors_info=&#8221;{}&#8221;][et_pb_text _builder_version=&#8221;4.10.5&#8243; _module_preset=&#8221;default&#8221; text_text_color=&#8221;#424242&#8243; header_4_text_color=&#8221;#839560&#8243; header_5_text_color=&#8221;#688829&#8243; text_orientation=&#8221;justified&#8221; hover_enabled=&#8221;0&#8243; global_colors_info=&#8221;{}&#8221; sticky_enabled=&#8221;0&#8243;]<\/p>\n<p>Ficha de Matricula Cooperado &#8211; <a href=\"https:\/\/evangelicoop.com.br\/wp-content\/uploads\/2022\/06\/ficha-matricula-pj.docx\" target=\"_blank\" rel=\"noopener\">Clique aqui<\/a><\/p>\n<p>Check list de Cadastro Pessoa Jur\u00eddica &#8211; <a href=\"https:\/\/evangelicoop.com.br\/wp-content\/uploads\/2022\/06\/check-list-pj.docx\" target=\"_blank\" rel=\"noopener\">Clique aqui<\/a><\/p>\n<p>Check list de Cadastro Pessoa F\u00edsica \u00a0&#8211; <a href=\"https:\/\/evangelicoop.com.br\/wp-content\/uploads\/2022\/06\/check-list-pf.docx\" target=\"_blank\" rel=\"noopener\">Clique aqui<\/a><\/p>\n<p>Termo de Consentimento &#8211; <a href=\"https:\/\/evangelicoop.com.br\/wp-content\/uploads\/2021\/11\/termo-de-consentimento.pdf\" target=\"_blank\" rel=\"noopener\">Clique aqui<\/a><\/p>\n<p>Ficha Cadastral SASC &#8211; <a href=\"https:\/\/evangelicoop.com.br\/wp-content\/uploads\/2022\/06\/ficha-cadastro-pf-sasc.doc\" target=\"_blank\" rel=\"noopener\">Clique aqui<\/a><\/p>\n<p>C\u00f3digo de \u00c9tica M\u00e9dica &#8211; <a href=\"https:\/\/evangelicoop.com.br\/wp-content\/uploads\/2022\/06\/cod-etica-medica.pdf\" target=\"_blank\" rel=\"attachment noopener wp-att-226\">Clique aqui<\/a><\/p>\n<p>&nbsp;<\/p>\n<p>[\/et_pb_text][\/et_pb_column][\/et_pb_row][\/et_pb_section][et_pb_section fb_built=&#8221;1&#8243; _builder_version=&#8221;4.10.5&#8243; _module_preset=&#8221;default&#8221; background_color=&#8221;#A0AA8D&#8221; global_module=&#8221;61&#8243; saved_tabs=&#8221;all&#8221; collapsed=&#8221;off&#8221; global_colors_info=&#8221;{}&#8221;][et_pb_row column_structure=&#8221;1_3,1_3,1_3&#8243; _builder_version=&#8221;4.10.5&#8243; _module_preset=&#8221;default&#8221; global_colors_info=&#8221;{}&#8221;][et_pb_column type=&#8221;1_3&#8243; _builder_version=&#8221;4.10.5&#8243; _module_preset=&#8221;default&#8221; global_colors_info=&#8221;{}&#8221;][et_pb_text _builder_version=&#8221;4.10.5&#8243; _module_preset=&#8221;default&#8221; text_text_color=&#8221;#FFFFFF&#8221; text_font_size=&#8221;16px&#8221; header_4_font=&#8221;|800||on|||||&#8221; header_4_text_color=&#8221;#FFFFFF&#8221; header_4_font_size=&#8221;20px&#8221; global_colors_info=&#8221;{}&#8221;]<\/p>\n<h4>Seja um cooperado<\/h4>\n<p>Seja nosso cooperado e utilizar<br \/>todos os benef\u00edcios que voc\u00ea<br \/>pode precisar.<\/p>\n<p>[\/et_pb_text][et_pb_button button_text=&#8221;CADASTRA-SE&#8221; button_alignment=&#8221;left&#8221; _builder_version=&#8221;4.10.5&#8243; _module_preset=&#8221;default&#8221; custom_button=&#8221;on&#8221; button_text_size=&#8221;18px&#8221; button_bg_color=&#8221;#839560&#8243; button_border_width=&#8221;1px&#8221; button_border_color=&#8221;#67764c&#8221; button_border_radius=&#8221;30px&#8221; button_use_icon=&#8221;off&#8221; global_colors_info=&#8221;{}&#8221;][\/et_pb_button][\/et_pb_column][et_pb_column type=&#8221;1_3&#8243; _builder_version=&#8221;4.10.5&#8243; _module_preset=&#8221;default&#8221; global_colors_info=&#8221;{}&#8221;][et_pb_text _builder_version=&#8221;4.10.5&#8243; _module_preset=&#8221;default&#8221; text_text_color=&#8221;#FFFFFF&#8221; text_font_size=&#8221;16px&#8221; header_4_font=&#8221;|800||on|||||&#8221; header_4_text_color=&#8221;#FFFFFF&#8221; header_4_font_size=&#8221;20px&#8221; global_colors_info=&#8221;{}&#8221;]<\/p>\n<h4>Endere\u00e7o<\/h4>\n<p>Rua Dr. Al\u00edpio Goulart &#8211; 25, Serra<br \/>Belo Horizonte &#8211; Minas Gerais<br \/>CEP 30220-420<\/p>\n<p>[\/et_pb_text][et_pb_text _builder_version=&#8221;4.10.5&#8243; _module_preset=&#8221;default&#8221; text_text_color=&#8221;#FFFFFF&#8221; text_font_size=&#8221;16px&#8221; header_4_font=&#8221;|800||on|||||&#8221; header_4_text_color=&#8221;#FFFFFF&#8221; header_4_font_size=&#8221;20px&#8221; global_colors_info=&#8221;{}&#8221;]<\/p>\n<h4>Hor\u00e1rio de funcionamento<\/h4>\n<p><strong>Segunda a sexta-feira:<\/strong> 8h \u00e0s 17h<br \/><strong>Fechado no hor\u00e1rio de almo\u00e7o:<\/strong> 12h \u00e0s 13h<\/p>\n<p>[\/et_pb_text][\/et_pb_column][et_pb_column type=&#8221;1_3&#8243; _builder_version=&#8221;4.10.5&#8243; _module_preset=&#8221;default&#8221; global_colors_info=&#8221;{}&#8221;][et_pb_text _builder_version=&#8221;4.10.5&#8243; _module_preset=&#8221;default&#8221; text_text_color=&#8221;#FFFFFF&#8221; text_font_size=&#8221;16px&#8221; link_text_color=&#8221;#FFFFFF&#8221; header_3_text_color=&#8221;#FFFFFF&#8221; header_4_font=&#8221;|800||on|||||&#8221; header_4_text_color=&#8221;#FFFFFF&#8221; header_4_font_size=&#8221;20px&#8221; global_colors_info=&#8221;{}&#8221;]<\/p>\n<h4>Central de atendimento<\/h4>\n<h3>31 3564-3681<\/h3>\n<h3>31 98465-9403<\/h3>\n<p><a href=\"mailto:evangelicoop@evangelicoop.com.br\">evangelicoop@evangelicoop.com.br<\/a><\/p>\n<p>[\/et_pb_text][\/et_pb_column][\/et_pb_row][et_pb_row column_structure=&#8221;1_3,1_3,1_3&#8243; _builder_version=&#8221;4.10.5&#8243; _module_preset=&#8221;default&#8221; global_colors_info=&#8221;{}&#8221;][et_pb_column type=&#8221;1_3&#8243; _builder_version=&#8221;4.10.5&#8243; _module_preset=&#8221;default&#8221; global_colors_info=&#8221;{}&#8221;][et_pb_text _builder_version=&#8221;4.10.5&#8243; _module_preset=&#8221;default&#8221; text_text_color=&#8221;#FFFFFF&#8221; text_font_size=&#8221;16px&#8221; header_4_font=&#8221;|800||on|||||&#8221; header_4_text_color=&#8221;#FFFFFF&#8221; header_4_font_size=&#8221;20px&#8221; global_colors_info=&#8221;{}&#8221;]<\/p>\n<h4>Seja um cooperado<\/h4>\n<p>Seja nosso cooperado e utilizar<br \/>todos os benef\u00edcios que voc\u00ea<br \/>pode precisar.<\/p>\n<p>[\/et_pb_text][et_pb_button button_text=&#8221;CADASTRA-SE&#8221; button_alignment=&#8221;left&#8221; _builder_version=&#8221;4.10.5&#8243; _module_preset=&#8221;default&#8221; custom_button=&#8221;on&#8221; button_text_size=&#8221;18px&#8221; button_bg_color=&#8221;#839560&#8243; button_border_width=&#8221;1px&#8221; button_border_color=&#8221;#67764c&#8221; button_border_radius=&#8221;30px&#8221; button_use_icon=&#8221;off&#8221; global_colors_info=&#8221;{}&#8221;][\/et_pb_button][\/et_pb_column][et_pb_column type=&#8221;1_3&#8243; _builder_version=&#8221;4.10.5&#8243; _module_preset=&#8221;default&#8221; global_colors_info=&#8221;{}&#8221;][et_pb_text _builder_version=&#8221;4.10.5&#8243; _module_preset=&#8221;default&#8221; text_text_color=&#8221;#FFFFFF&#8221; text_font_size=&#8221;16px&#8221; header_4_font=&#8221;|800||on|||||&#8221; header_4_text_color=&#8221;#FFFFFF&#8221; header_4_font_size=&#8221;20px&#8221; global_colors_info=&#8221;{}&#8221;]<\/p>\n<h4>Endere\u00e7o<\/h4>\n<p>Rua Dr. Al\u00edpio Goulart &#8211; 25, Serra<br \/>Belo Horizonte &#8211; Minas Gerais<br \/>CEP 30220-420<\/p>\n<p>[\/et_pb_text][et_pb_text _builder_version=&#8221;4.10.5&#8243; _module_preset=&#8221;default&#8221; text_text_color=&#8221;#FFFFFF&#8221; text_font_size=&#8221;16px&#8221; header_4_font=&#8221;|800||on|||||&#8221; header_4_text_color=&#8221;#FFFFFF&#8221; header_4_font_size=&#8221;20px&#8221; global_colors_info=&#8221;{}&#8221;]<\/p>\n<h4>Hor\u00e1rio de funcionamento<\/h4>\n<p><strong>Segunda a sexta-feira:<\/strong> 8h \u00e0s 17h<br \/><strong>Fechado no hor\u00e1rio de almo\u00e7o:<\/strong> 12h \u00e0s 13h<\/p>\n<p>[\/et_pb_text][\/et_pb_column][et_pb_column type=&#8221;1_3&#8243; _builder_version=&#8221;4.10.5&#8243; _module_preset=&#8221;default&#8221; global_colors_info=&#8221;{}&#8221;][et_pb_text _builder_version=&#8221;4.10.5&#8243; _module_preset=&#8221;default&#8221; text_text_color=&#8221;#FFFFFF&#8221; text_font_size=&#8221;16px&#8221; link_text_color=&#8221;#FFFFFF&#8221; header_3_text_color=&#8221;#FFFFFF&#8221; header_4_font=&#8221;|800||on|||||&#8221; header_4_text_color=&#8221;#FFFFFF&#8221; header_4_font_size=&#8221;20px&#8221; global_colors_info=&#8221;{}&#8221;]<\/p>\n<h4>Central de atendimento<\/h4>\n<h3>31 3564-3681<\/h3>\n<h3>31 98465-9403<\/h3>\n<p><a href=\"mailto:evangelicoop@evangelicoop.com.br\">evangelicoop@evangelicoop.com.br<\/a><\/p>\n<p>[\/et_pb_text][\/et_pb_column][\/et_pb_row][\/et_pb_section][et_pb_section fb_built=&#8221;1&#8243; _builder_version=&#8221;4.10.5&#8243; _module_preset=&#8221;default&#8221; background_color=&#8221;#688829&#8243; custom_margin=&#8221;0px||0px||false|false&#8221; custom_padding=&#8221;0px||0px||false|false&#8221; global_module=&#8221;62&#8243; saved_tabs=&#8221;all&#8221; global_colors_info=&#8221;{}&#8221;][et_pb_row column_structure=&#8221;3_4,1_4&#8243; _builder_version=&#8221;4.10.5&#8243; _module_preset=&#8221;default&#8221; custom_margin=&#8221;||||false|false&#8221; custom_padding=&#8221;||||false|false&#8221; global_colors_info=&#8221;{}&#8221;][et_pb_column type=&#8221;3_4&#8243; _builder_version=&#8221;4.10.5&#8243; _module_preset=&#8221;default&#8221; global_colors_info=&#8221;{}&#8221;][et_pb_text _builder_version=&#8221;4.10.5&#8243; _module_preset=&#8221;default&#8221; text_text_color=&#8221;#FFFFFF&#8221; text_font_size=&#8221;12px&#8221; global_colors_info=&#8221;{}&#8221;]<\/p>\n<p>Todos os direitos reservados a <strong>EVANGELICOOP<\/strong><\/p>\n<p>[\/et_pb_text][\/et_pb_column][et_pb_column type=&#8221;1_4&#8243; _builder_version=&#8221;4.10.5&#8243; _module_preset=&#8221;default&#8221; global_colors_info=&#8221;{}&#8221;][et_pb_text _builder_version=&#8221;4.10.5&#8243; _module_preset=&#8221;default&#8221; global_colors_info=&#8221;{}&#8221;]<\/p>\n<p><a href=\"https:\/\/www.instagram.com\/evangelicoop\/\" target=\"_blank\" rel=\"noopener\"><img loading=\"lazy\" decoding=\"async\" class=\"wp-image-52 alignright size-full\" src=\"https:\/\/evangelicoop.com.br\/wp-content\/uploads\/2021\/10\/instagram.png\" alt=\"\" width=\"30\" height=\"30\" \/><\/a><\/p>\n<p>[\/et_pb_text][\/et_pb_column][\/et_pb_row][\/et_pb_section]<\/p>\n","protected":false},"excerpt":{"rendered":"<p>Documenta\u00e7\u00e3o para CooperarFicha de Matricula Cooperado &#8211; Clique aqui Check list de Cadastro Pessoa Jur\u00eddica &#8211; Clique aqui Check list de Cadastro Pessoa F\u00edsica \u00a0&#8211; Clique aqui Termo de Consentimento &#8211; Clique aqui Ficha Cadastral SASC &#8211; Clique aqui C\u00f3digo de \u00c9tica M\u00e9dica &#8211; Clique aqui &nbsp;Seja um cooperado Seja nosso cooperado e utilizartodos os [&hellip;]<\/p>\n","protected":false},"author":1,"featured_media":0,"parent":0,"menu_order":0,"comment_status":"closed","ping_status":"closed","template":"","meta":{"_et_pb_use_builder":"on","_et_pb_old_content":"","_et_gb_content_width":"","footnotes":""},"class_list":["post-132","page","type-page","status-publish","hentry"],"_links":{"self":[{"href":"https:\/\/evangelicoop.com.br\/index.php\/wp-json\/wp\/v2\/pages\/132","targetHints":{"allow":["GET"]}}],"collection":[{"href":"https:\/\/evangelicoop.com.br\/index.php\/wp-json\/wp\/v2\/pages"}],"about":[{"href":"https:\/\/evangelicoop.com.br\/index.php\/wp-json\/wp\/v2\/types\/page"}],"author":[{"embeddable":true,"href":"https:\/\/evangelicoop.com.br\/index.php\/wp-json\/wp\/v2\/users\/1"}],"replies":[{"embeddable":true,"href":"https:\/\/evangelicoop.com.br\/index.php\/wp-json\/wp\/v2\/comments?post=132"}],"version-history":[{"count":7,"href":"https:\/\/evangelicoop.com.br\/index.php\/wp-json\/wp\/v2\/pages\/132\/revisions"}],"predecessor-version":[{"id":227,"href":"https:\/\/evangelicoop.com.br\/index.php\/wp-json\/wp\/v2\/pages\/132\/revisions\/227"}],"wp:attachment":[{"href":"https:\/\/evangelicoop.com.br\/index.php\/wp-json\/wp\/v2\/media?parent=132"}],"curies":[{"name":"wp","href":"https:\/\/api.w.org\/{rel}","templated":true}]}}