{"id":120,"date":"2021-11-18T16:33:27","date_gmt":"2021-11-18T19:33:27","guid":{"rendered":"https:\/\/evangelicoop.com.br\/?page_id=120"},"modified":"2021-11-18T17:35:30","modified_gmt":"2021-11-18T20:35:30","slug":"a-evangelicoop","status":"publish","type":"page","link":"https:\/\/evangelicoop.com.br\/index.php\/a-evangelicoop\/","title":{"rendered":"A Evangelicoop"},"content":{"rendered":"<p>[et_pb_section fb_built=&#8221;1&#8243; _builder_version=&#8221;4.10.5&#8243; _module_preset=&#8221;default&#8221; background_color=&#8221;#EAEAEA&#8221; global_colors_info=&#8221;{}&#8221;][et_pb_row _builder_version=&#8221;4.10.5&#8243; _module_preset=&#8221;default&#8221; global_colors_info=&#8221;{}&#8221;][et_pb_column type=&#8221;4_4&#8243; _builder_version=&#8221;4.10.5&#8243; _module_preset=&#8221;default&#8221; global_colors_info=&#8221;{}&#8221;][et_pb_text _builder_version=&#8221;4.10.5&#8243; _module_preset=&#8221;default&#8221; header_text_color=&#8221;#839560&#8243; global_colors_info=&#8221;{}&#8221;]<\/p>\n<h1>A Evangelicoop<\/h1>\n<p>[\/et_pb_text][\/et_pb_column][\/et_pb_row][\/et_pb_section][et_pb_section fb_built=&#8221;1&#8243; _builder_version=&#8221;4.10.5&#8243; _module_preset=&#8221;default&#8221; global_colors_info=&#8221;{}&#8221;][et_pb_row _builder_version=&#8221;4.10.5&#8243; _module_preset=&#8221;default&#8221; global_colors_info=&#8221;{}&#8221;][et_pb_column type=&#8221;4_4&#8243; _builder_version=&#8221;4.10.5&#8243; _module_preset=&#8221;default&#8221; global_colors_info=&#8221;{}&#8221;][et_pb_text _builder_version=&#8221;4.10.5&#8243; _module_preset=&#8221;default&#8221; text_text_color=&#8221;#424242&#8243; header_4_text_color=&#8221;#839560&#8243; header_5_text_color=&#8221;#688829&#8243; text_orientation=&#8221;justified&#8221; global_colors_info=&#8221;{}&#8221;]<\/p>\n<div>A cooperativa tem por objetivo o estimulo, o desenvolvimento progressivo, a defesa e organiza\u00e7\u00e3o do exerc\u00edcio das atividades econ\u00f4micas de seus associados, prestando toda assist\u00eancia administrativa, como regularizar os processos de cobran\u00e7a dos honor\u00e1rios m\u00e9dicos junto aos conv\u00eanios e demais fontes pagadoras, visando torna-los mais \u00e1geis e confi\u00e1veis especialmente nos contratos de servi\u00e7os que ser\u00e3o executados pelos cooperados. Com isso surgiu a Evangelicoop, em 26 de abril de 1999.<\/div>\n<div>\u00a0<\/div>\n<div>No in\u00edcio \u00e9ramos 30 cooperados. Hoje somamos 320. Em parceria com o hospital estamos cada vez mais em busca de novos contratos e mais conv\u00eanios. Acreditamos que \u00e9 necess\u00e1rio a constante evolu\u00e7\u00e3o da cooperativa e pretendemos estar em continuo processo de expans\u00e3o, atrav\u00e9s da busca constante de parcerias e contratos que valorizem a classe m\u00e9dica.<\/div>\n<div>\u00a0<\/div>\n<div>O caminho n\u00e3o foi f\u00e1cil, dif\u00edcil, ardo e muitas vez inst\u00e1vel, o que nos exigiu perseveran\u00e7a e capacidade de negociar e persuadir, mas que resultaram numa ben\u00e9fica transforma\u00e7\u00e3o: antes \u00e9ramos advers\u00e1rios, hoje, nos tornamos grandes parceiros do hospital.<\/div>\n<div>\u00a0<\/div>\n<div>O trabalho conjunto da cooperativa + hospital agregaram grande capacidade de entendermos, analisarmos e provermos solu\u00e7\u00f5es aos problemas inerentes a um mercado que se transforma de modo cada vez mais r\u00e1pido. T\u00e3o importante quanto termos respostas r\u00e1pidas, \u00e9 o desenvolvimento da capacidade de sermos proativos, anteciparmos \u00a0com a\u00e7\u00f5es efetivas , \u00e0s poss\u00edveis situa\u00e7\u00f5es e cen\u00e1rios adversos.<\/div>\n<div>\u00a0<\/div>\n<div>A cooperativa est\u00e1 atenta \u00e0s mudan\u00e7as, para ser capaz de fornecer aos seus cooperados o suporte necess\u00e1rio e atender todas as suas necessidades e demandas.<\/div>\n<div>\u00a0<\/div>\n<h3>Servi\u00e7os<\/h3>\n<div>Faturamento, servi\u00e7o de secretariado e acompanhamento do trabalho m\u00e9dico dentro do hospital evang\u00e9lico e consult\u00f3rios particulares.<\/div>\n<div>\u00a0<\/div>\n<h3>Objetivo da empresa<\/h3>\n<h4>MISS\u00c3O:<\/h4>\n<p style=\"padding-left: 40px;\">Atender as necessidades dos cooperados de maneira clara buscando melhorias na remunera\u00e7\u00e3o dos honor\u00e1rios, defendendo os interesses de nossos profissionais prestando o servi\u00e7o de faturamento e o recebimento dos mesmos, com o menor custo poss\u00edvel para realiza\u00e7\u00e3o deste trabalho.<\/p>\n<h4>VIS\u00c3O:<\/h4>\n<p style=\"padding-left: 40px;\">Ser uma cooperativa de refer\u00eancia prestando o servi\u00e7o de maneira \u00e9tica e eficaz.<\/p>\n<h4>VALORES:<\/h4>\n<ul>\n<li style=\"list-style-type: none;\">\n<ul>\n<li>\u00c9TICA;<\/li>\n<li>TRANSPAR\u00caNCIA;<\/li>\n<li>CONFIAN\u00c7A NOS<\/li>\n<li>PROCESSO<\/li>\n<li>ADMINISTRATIVOS;<\/li>\n<li>VALORIZA\u00c7\u00c3O DOS<\/li>\n<li>PROFISSIONAIS E<\/li>\n<li>COLABORADORES;<\/li>\n<li>RELACIONAMENTO<\/li>\n<li>INTERPESSOAL.<\/li>\n<\/ul>\n<\/li>\n<\/ul>\n<p>[\/et_pb_text][\/et_pb_column][\/et_pb_row][\/et_pb_section][et_pb_section fb_built=&#8221;1&#8243; _builder_version=&#8221;4.10.5&#8243; _module_preset=&#8221;default&#8221; background_color=&#8221;#A0AA8D&#8221; saved_tabs=&#8221;all&#8221; collapsed=&#8221;off&#8221; global_colors_info=&#8221;{}&#8221; global_module=&#8221;61&#8243;][et_pb_row column_structure=&#8221;1_3,1_3,1_3&#8243; _builder_version=&#8221;4.10.5&#8243; _module_preset=&#8221;default&#8221; global_colors_info=&#8221;{}&#8221;][et_pb_column type=&#8221;1_3&#8243; _builder_version=&#8221;4.10.5&#8243; _module_preset=&#8221;default&#8221; global_colors_info=&#8221;{}&#8221;][et_pb_text _builder_version=&#8221;4.10.5&#8243; _module_preset=&#8221;default&#8221; text_text_color=&#8221;#FFFFFF&#8221; text_font_size=&#8221;16px&#8221; header_4_font=&#8221;|800||on|||||&#8221; header_4_text_color=&#8221;#FFFFFF&#8221; header_4_font_size=&#8221;20px&#8221; global_colors_info=&#8221;{}&#8221;]<\/p>\n<h4>Seja um cooperado<\/h4>\n<p>Seja nosso cooperado e utilizar<br \/>todos os benef\u00edcios que voc\u00ea<br \/>pode precisar.<\/p>\n<p>[\/et_pb_text][et_pb_button button_text=&#8221;CADASTRA-SE&#8221; button_alignment=&#8221;left&#8221; _builder_version=&#8221;4.10.5&#8243; _module_preset=&#8221;default&#8221; custom_button=&#8221;on&#8221; button_text_size=&#8221;18px&#8221; button_bg_color=&#8221;#839560&#8243; button_border_width=&#8221;1px&#8221; button_border_color=&#8221;#67764c&#8221; button_border_radius=&#8221;30px&#8221; button_use_icon=&#8221;off&#8221; global_colors_info=&#8221;{}&#8221;][\/et_pb_button][\/et_pb_column][et_pb_column type=&#8221;1_3&#8243; _builder_version=&#8221;4.10.5&#8243; _module_preset=&#8221;default&#8221; global_colors_info=&#8221;{}&#8221;][et_pb_text _builder_version=&#8221;4.10.5&#8243; _module_preset=&#8221;default&#8221; text_text_color=&#8221;#FFFFFF&#8221; text_font_size=&#8221;16px&#8221; header_4_font=&#8221;|800||on|||||&#8221; header_4_text_color=&#8221;#FFFFFF&#8221; header_4_font_size=&#8221;20px&#8221; global_colors_info=&#8221;{}&#8221;]<\/p>\n<h4>Endere\u00e7o<\/h4>\n<p>Rua Dr. Al\u00edpio Goulart &#8211; 25, Serra<br \/>Belo Horizonte &#8211; Minas Gerais<br \/>CEP 30220-420<\/p>\n<p>[\/et_pb_text][et_pb_text _builder_version=&#8221;4.10.5&#8243; _module_preset=&#8221;default&#8221; text_text_color=&#8221;#FFFFFF&#8221; text_font_size=&#8221;16px&#8221; header_4_font=&#8221;|800||on|||||&#8221; header_4_text_color=&#8221;#FFFFFF&#8221; header_4_font_size=&#8221;20px&#8221; global_colors_info=&#8221;{}&#8221;]<\/p>\n<h4>Hor\u00e1rio de funcionamento<\/h4>\n<p><strong>Segunda a sexta-feira:<\/strong> 8h \u00e0s 17h<br \/><strong>Fechado no hor\u00e1rio de almo\u00e7o:<\/strong> 12h \u00e0s 13h<\/p>\n<p>[\/et_pb_text][\/et_pb_column][et_pb_column type=&#8221;1_3&#8243; _builder_version=&#8221;4.10.5&#8243; _module_preset=&#8221;default&#8221; global_colors_info=&#8221;{}&#8221;][et_pb_text _builder_version=&#8221;4.10.5&#8243; _module_preset=&#8221;default&#8221; text_text_color=&#8221;#FFFFFF&#8221; text_font_size=&#8221;16px&#8221; link_text_color=&#8221;#FFFFFF&#8221; header_3_text_color=&#8221;#FFFFFF&#8221; header_4_font=&#8221;|800||on|||||&#8221; header_4_text_color=&#8221;#FFFFFF&#8221; header_4_font_size=&#8221;20px&#8221; global_colors_info=&#8221;{}&#8221;]<\/p>\n<h4>Central de atendimento<\/h4>\n<h3>31 3564-3681<\/h3>\n<h3>31 98465-9403<\/h3>\n<p><a href=\"mailto:evangelicoop@evangelicoop.com.br\">evangelicoop@evangelicoop.com.br<\/a><\/p>\n<p>[\/et_pb_text][\/et_pb_column][\/et_pb_row][\/et_pb_section][et_pb_section fb_built=&#8221;1&#8243; _builder_version=&#8221;4.10.5&#8243; _module_preset=&#8221;default&#8221; background_color=&#8221;#688829&#8243; custom_margin=&#8221;0px||0px||false|false&#8221; custom_padding=&#8221;0px||0px||false|false&#8221; saved_tabs=&#8221;all&#8221; global_colors_info=&#8221;{}&#8221; global_module=&#8221;62&#8243;][et_pb_row column_structure=&#8221;3_4,1_4&#8243; _builder_version=&#8221;4.10.5&#8243; _module_preset=&#8221;default&#8221; custom_margin=&#8221;||||false|false&#8221; custom_padding=&#8221;||||false|false&#8221; global_colors_info=&#8221;{}&#8221;][et_pb_column type=&#8221;3_4&#8243; _builder_version=&#8221;4.10.5&#8243; _module_preset=&#8221;default&#8221; global_colors_info=&#8221;{}&#8221;][et_pb_text _builder_version=&#8221;4.10.5&#8243; _module_preset=&#8221;default&#8221; text_text_color=&#8221;#FFFFFF&#8221; text_font_size=&#8221;12px&#8221; global_colors_info=&#8221;{}&#8221;]<\/p>\n<p>Todos os direitos reservados a <strong>EVANGELICOOP<\/strong><\/p>\n<p>[\/et_pb_text][\/et_pb_column][et_pb_column type=&#8221;1_4&#8243; _builder_version=&#8221;4.10.5&#8243; _module_preset=&#8221;default&#8221; global_colors_info=&#8221;{}&#8221;][et_pb_text _builder_version=&#8221;4.10.5&#8243; _module_preset=&#8221;default&#8221; global_colors_info=&#8221;{}&#8221;]<\/p>\n<p><a href=\"https:\/\/www.instagram.com\/evangelicoop\/\" target=\"_blank\" rel=\"noopener\"><img loading=\"lazy\" decoding=\"async\" class=\"wp-image-52 alignright size-full\" src=\"https:\/\/evangelicoop.com.br\/wp-content\/uploads\/2021\/10\/instagram.png\" alt=\"\" width=\"30\" height=\"30\" \/><\/a><\/p>\n<p>[\/et_pb_text][\/et_pb_column][\/et_pb_row][\/et_pb_section]<\/p>\n","protected":false},"excerpt":{"rendered":"<p>A EvangelicoopA cooperativa tem por objetivo o estimulo, o desenvolvimento progressivo, a defesa e organiza\u00e7\u00e3o do exerc\u00edcio das atividades econ\u00f4micas de seus associados, prestando toda assist\u00eancia administrativa, como regularizar os processos de cobran\u00e7a dos honor\u00e1rios m\u00e9dicos junto aos conv\u00eanios e demais fontes pagadoras, visando torna-los mais \u00e1geis e confi\u00e1veis especialmente nos contratos de servi\u00e7os que [&hellip;]<\/p>\n","protected":false},"author":1,"featured_media":0,"parent":0,"menu_order":0,"comment_status":"closed","ping_status":"closed","template":"","meta":{"_et_pb_use_builder":"on","_et_pb_old_content":"","_et_gb_content_width":"","footnotes":""},"class_list":["post-120","page","type-page","status-publish","hentry"],"_links":{"self":[{"href":"https:\/\/evangelicoop.com.br\/index.php\/wp-json\/wp\/v2\/pages\/120","targetHints":{"allow":["GET"]}}],"collection":[{"href":"https:\/\/evangelicoop.com.br\/index.php\/wp-json\/wp\/v2\/pages"}],"about":[{"href":"https:\/\/evangelicoop.com.br\/index.php\/wp-json\/wp\/v2\/types\/page"}],"author":[{"embeddable":true,"href":"https:\/\/evangelicoop.com.br\/index.php\/wp-json\/wp\/v2\/users\/1"}],"replies":[{"embeddable":true,"href":"https:\/\/evangelicoop.com.br\/index.php\/wp-json\/wp\/v2\/comments?post=120"}],"version-history":[{"count":5,"href":"https:\/\/evangelicoop.com.br\/index.php\/wp-json\/wp\/v2\/pages\/120\/revisions"}],"predecessor-version":[{"id":138,"href":"https:\/\/evangelicoop.com.br\/index.php\/wp-json\/wp\/v2\/pages\/120\/revisions\/138"}],"wp:attachment":[{"href":"https:\/\/evangelicoop.com.br\/index.php\/wp-json\/wp\/v2\/media?parent=120"}],"curies":[{"name":"wp","href":"https:\/\/api.w.org\/{rel}","templated":true}]}}